{"id":336,"date":"2018-09-15T21:16:19","date_gmt":"2018-09-16T00:16:19","guid":{"rendered":"http:\/\/ciaopera-com-br.web110.redehost.net\/?page_id=336"},"modified":"2025-09-17T01:39:30","modified_gmt":"2025-09-17T04:39:30","slug":"concurso-maria-callas","status":"publish","type":"page","link":"https:\/\/www.ciaopera.com.br\/?page_id=336","title":{"rendered":"Concurso Maria Callas"},"content":{"rendered":"\n<h4 class=\"wp-block-heading\" id=\"concurso-brasileiro-de-canto-maria-callas\"><span style=\"color: #80241f;\">Concurso Brasileiro de Canto Maria Callas<\/span><\/h4>\n\n\n\n<p>Criado em 1993 pelo tenor Paulo Abr\u00e3o Esper e a pianista Cidinha Rasetti para realizar o mais sincero desejo de trabalhar pelo direcionamento art\u00edstico e desenvolvimento de carreira de jovens cantores, o Concurso Brasileiro de Canto Maria Callas realizou 10 edi\u00e7\u00f5es bienalmente at\u00e9 o ano de 2013.<\/p>\n\n\n\n<p>Passando por uma reestrutura\u00e7\u00e3o, o Concurso iniciou sua trajet\u00f3ria anual e, de 2013 a 2017 foi realizado para um t\u00edtulo de \u00f3pera espec\u00edfico e um grande pr\u00eamio masculino e outro feminino. Durante este formato as \u00f3peras realizadas foram: <em>Rigoletto<\/em> (de <em>Giuseppe Verdi<\/em><em> &#8211; 1813-1901<\/em>), <em>Il Barbiere di Siviglia<\/em> (de <em>Gioacchino Rossini &#8211; 1792<\/em><em>-1868<\/em>), <em>Carmen<\/em> (de <em>Georges Bizet &#8211; 1838-1875<\/em>), <em>La Boh\u00e8me<\/em> (de <em>Giacomo Puccini<\/em><em> &#8211; 1858-1924<\/em>) e <em>La Traviata<\/em> (de <em>Giuseppe Verdi<\/em>).<\/p>\n\n\n\n<p>Acompanhando as necessidades evolutivas no caminho do direcionamento art\u00edstico e desenvolvimento de carreira, no ano de 2018 o Concurso Brasileiro de Canto Maria Callas apresenta seu formato e premia\u00e7\u00e3o mais abrangentes. Os pr\u00eamios s\u00e3o oferecidos na fase final para primeiro, segundo e terceiro lugares, nas categorias feminino e masculino. E os pap\u00e9is para uma \u00f3pera, t\u00edtulo da Temporada Anual da Cia \u00d3pera S\u00e3o Paulo, s\u00e3o oferecidos a todo candidato efetivamente inscrito e participante de qualquer uma das fases do Concurso. As j\u00e1 apresentadas desde ent\u00e3o foram <em>Rom\u00e9o et Juliette<\/em> (de <em>Charles Gounod &#8211; 1818-1893<\/em>); <em>Madama Butterfly<\/em> (de <em>Giacomo Puccini<\/em>); <em>Il Guarany <\/em>(de <em>Ant\u00f4nio Carlos Gomes<\/em>); <em>Gianni Schicchi<\/em> (de <em>G. Puccini<\/em>) e neste ano de 2022 a \u00f3pera <em>I Pagliacci<\/em> (de <em>Ruggero Leoncavallo<\/em>).<\/p>\n\n\n\n<p>Com um de seus focos direcionados para um t\u00edtulo oper\u00edstico e por sua dimens\u00e3o e qualifica\u00e7\u00e3o art\u00edstica, se tornou, na opini\u00e3o da cr\u00edtica especializada nacional e internacional, o mais importante e significativo concurso de canto l\u00edrico da Am\u00e9rica Latina. Este reconhecimento fortalece cada vez mais a vontade de dedicar nosso trabalho ao jovem cantor.<\/p>\n\n\n\n<p>Certamente este \u00e9 o resultado por trazermos um j\u00fari nacional e internacional capacitado e do mais alto n\u00edvel art\u00edstico. Sempre formando a banca de jurados com diretores art\u00edsticos, cr\u00edticos respeitados, diretores e editores de revistas especializadas, cantores renomados e de s\u00f3lida carreira art\u00edstica internacional nos principais de \u00f3pera do mundo.<\/p>\n\n\n\n<p>Os mais importantes nomes da \u00f3pera e companheiros da c\u00e9lebre Callas estiveram presentes como jurados do Concurso, dentre os quais podemos real\u00e7ar Magda Olivero, Fedora Barbieri, Gabriella Tucci, Luigi Alva e Silvia Sass.<\/p>\n\n\n\n<p>O Concurso, de abrang\u00eancia latino-americana, j\u00e1 premiou Edgardo Rocha (tenor uruguaio com importante carreira nos principais teatros de \u00f3pera do mundo) e &nbsp;revelou importantes nomes no Brasil como Marcello Vannucci; Edna D\u2019Oliveira; Eiko Senda; Ta\u00eds Bandeira; Rodolfo Giugliani e muitos outros que j\u00e1 fazem parte das temporadas de \u00f3pera de Manaus, Rio de Janeiro, Belo Horizonte, Theatro S\u00e3o Pedro e Theatro Municipal de S\u00e3o Paulo.<\/p>\n\n\n\n<p>Contamos com o apoio do Governo do Estado de S\u00e3o Paulo, por meio de sua Secretaria de Estado da Cultura e da Prefeitura Municipal de Jacare\u00ed, atrav\u00e9s da Funda\u00e7\u00e3o Cultural \u201cJos\u00e9 Maria de Abreu\u201d. Foi inclu\u00eddo no Calend\u00e1rio Oficial de Jacare\u00ed pela Lei n\u00ba 5.846\/2014 e no Calend\u00e1rio Tur\u00edstico do Estado de S\u00e3o Paulo pela Lei n\u00ba 15.707\/2015.<\/p>\n\n\n\n<p class=\"has-text-align-left\">\u00c9 orgulho para este Concurso descobrir novos talentos e encorajar os jovens a trabalharem para o enriquecimento e a evolu\u00e7\u00e3o de nossa cultura.<\/p>\n\n\n\n<blockquote class=\"wp-block-quote has-text-align-right is-style-default has-black-color has-white-background-color has-text-color has-background has-small-font-size is-layout-flow wp-block-quote-is-layout-flow\" style=\"font-style:normal;font-weight:400\">\n<p>&#8220;Tive uma tia soprano, Tia Dalva. \u00c9ramos vizinhos e desde muito pequeno a escutava ensaiar em sua sala. Por vezes ela colocava os discos de vinil para tocar e certa vez uma voz mexeu comigo, hipnotizou-me&#8230; Tratava-se da voz de Maria Callas.<\/p>\n<cite>Poder homenagear sua hist\u00f3ria, sua vida, seu talento \u00e9 uma honra para a Cia. \u00d3pera S\u00e3o Paulo e para mim.  Determina\u00e7\u00e3o, dedica\u00e7\u00e3o e foco \u00e9 o que nosso trabalho busca copiar das qualidades dessa diva.&#8221; &#8211; Paulo Abr\u00e3o Esper<\/cite><\/blockquote>\n\n\n\n<h4 class=\"wp-block-heading\" id=\"maria-callas\"><span style=\"color: #80241f;\">Maria Callas<\/span><\/h4>\n\n\n\n<p>Nasceu em 2 de dezembro de 1923 em Nova Iorque. Filha de imigrantes gregos, chamava-se Maria Sophia Anna Cec\u00edlia Kalogeropoulus.<\/p>\n\n\n\n<p>Fez sua estreia triunfal em 1947 com apenas 24 anos, protagonizando <i>\u201cLa Gioconda\u201d<\/i> na Arena de Verona, ap\u00f3s v\u00e1rias apresenta\u00e7\u00f5es estudantis em Atenas. Teve uma carreira estrondosa cantando nos principais teatros e salas de concerto do mundo. Era solicitada por todos os maestros e diretores de cena, em produ\u00e7\u00f5es feitas especialmente para ela.<\/p>\n\n\n\n<p>Callas foi respons\u00e1vel por produ\u00e7\u00f5es de \u00f3peras ignoradas e at\u00e9 mesmo nunca cantadas. Talvez, isso tenha sido sua maior contribui\u00e7\u00e3o para o mundo da \u00f3pera.<\/p>\n\n\n\n<p>Esteve no Brasil apenas em 1951, cantando nos Teatros Municipais de S\u00e3o Paulo e Rio de Janeiro.<\/p>\n\n\n\n<p>Faleceu em Paris, em 16 de setembro de 1977, com apenas 54 anos.<\/p>\n\n\n\n<p>Era muito cedo para Maria Callas deixar o mundo, mas ter colaborado para a preserva\u00e7\u00e3o da \u00f3pera \u00e9 motivo de gratid\u00e3o e n\u00e3o de l\u00e1grimas.<\/p>\n\n\n\n<div class=\"wp-block-buttons is-layout-flex wp-block-buttons-is-layout-flex\">\n<div class=\"wp-block-button has-custom-width wp-block-button__width-50 has-custom-font-size is-style-outline has-medium-font-size\"><a class=\"wp-block-button__link has-text-color has-background wp-element-button\" href=\"https:\/\/www.ciaopera.com.br\/?page_id=967\" style=\"border-radius:100px;color:#7d0808;background:linear-gradient(352deg,rgb(238,238,238) 0%,rgb(169,184,195) 100%)\">23\u00aa Edi\u00e7\u00e3o &#8211; 2025<\/a><\/div>\n\n\n\n<div class=\"wp-block-button has-custom-width wp-block-button__width-50 has-custom-font-size is-style-outline has-medium-font-size\"><a class=\"wp-block-button__link has-text-color has-background wp-element-button\" href=\"https:\/\/www.ciaopera.com.br\/?page_id=892\" style=\"border-radius:100px;color:#7d0808;background:linear-gradient(352deg,rgb(238,238,238) 0%,rgb(169,184,195) 100%)\">22\u00aa Edi\u00e7\u00e3o &#8211; 2024<\/a><\/div>\n\n\n\n<div class=\"wp-block-button has-custom-width wp-block-button__width-50 has-custom-font-size is-style-outline has-medium-font-size\"><a class=\"wp-block-button__link has-text-color has-background wp-element-button\" href=\"https:\/\/www.ciaopera.com.br\/?page_id=831\" style=\"border-radius:100px;color:#7d0808;background:linear-gradient(352deg,rgb(238,238,238) 0%,rgb(169,184,195) 100%)\">21\u00aa Edi\u00e7\u00e3o &#8211; 2023<\/a><\/div>\n\n\n\n<div class=\"wp-block-button has-custom-width wp-block-button__width-50 has-custom-font-size is-style-outline has-medium-font-size\"><a class=\"wp-block-button__link has-text-color has-background wp-element-button\" href=\"https:\/\/www.ciaopera.com.br\/?page_id=768\" style=\"border-radius:100px;color:#7d0808;background:linear-gradient(352deg,rgb(238,238,238) 0%,rgb(169,184,195) 100%)\">20\u00aa Edi\u00e7\u00e3o &#8211; 2022<\/a><\/div>\n\n\n\n<div class=\"wp-block-button has-custom-width wp-block-button__width-50 has-custom-font-size is-style-outline has-medium-font-size\"><a class=\"wp-block-button__link has-text-color has-background wp-element-button\" href=\"https:\/\/www.ciaopera.com.br\/?page_id=678\" style=\"color:#7d0808;background:linear-gradient(325deg,rgb(238,238,238) 0%,rgb(169,184,195) 100%)\">19\u00aa Edi\u00e7\u00e3o &#8211; 2021<\/a><\/div>\n\n\n\n<div class=\"wp-block-button has-custom-width wp-block-button__width-50 has-custom-font-size is-style-outline has-medium-font-size\"><a class=\"wp-block-button__link has-text-color has-background wp-element-button\" href=\"https:\/\/www.ciaopera.com.br\/?page_id=210\" style=\"border-radius:100px;color:#7d0808;background:linear-gradient(352deg,rgb(238,238,238) 0%,rgb(169,184,195) 100%)\">18\u00aa Edi\u00e7\u00e3o &#8211; 2020<\/a><\/div>\n<\/div>\n\n\n\n<div class=\"wp-block-buttons is-layout-flex wp-block-buttons-is-layout-flex\"><\/div>\n","protected":false},"excerpt":{"rendered":"<p>Concurso Brasileiro de Canto Maria Callas Criado em 1993 pelo tenor Paulo Abr\u00e3o Esper e a pianista Cidinha Rasetti para realizar o mais sincero desejo de trabalhar pelo direcionamento art\u00edstico e desenvolvimento de carreira de jovens cantores, o Concurso Brasileiro de Canto Maria Callas realizou 10 edi\u00e7\u00f5es bienalmente at\u00e9 o ano de 2013. Passando por&hellip; <\/p>\n","protected":false},"author":1,"featured_media":0,"parent":0,"menu_order":3,"comment_status":"closed","ping_status":"closed","template":"","meta":{"footnotes":""},"_links":{"self":[{"href":"https:\/\/www.ciaopera.com.br\/index.php?rest_route=\/wp\/v2\/pages\/336"}],"collection":[{"href":"https:\/\/www.ciaopera.com.br\/index.php?rest_route=\/wp\/v2\/pages"}],"about":[{"href":"https:\/\/www.ciaopera.com.br\/index.php?rest_route=\/wp\/v2\/types\/page"}],"author":[{"embeddable":true,"href":"https:\/\/www.ciaopera.com.br\/index.php?rest_route=\/wp\/v2\/users\/1"}],"replies":[{"embeddable":true,"href":"https:\/\/www.ciaopera.com.br\/index.php?rest_route=%2Fwp%2Fv2%2Fcomments&post=336"}],"version-history":[{"count":20,"href":"https:\/\/www.ciaopera.com.br\/index.php?rest_route=\/wp\/v2\/pages\/336\/revisions"}],"predecessor-version":[{"id":1001,"href":"https:\/\/www.ciaopera.com.br\/index.php?rest_route=\/wp\/v2\/pages\/336\/revisions\/1001"}],"wp:attachment":[{"href":"https:\/\/www.ciaopera.com.br\/index.php?rest_route=%2Fwp%2Fv2%2Fmedia&parent=336"}],"curies":[{"name":"wp","href":"https:\/\/api.w.org\/{rel}","templated":true}]}}