{"id":721,"date":"2021-02-12T00:00:00","date_gmt":"2021-02-12T02:00:00","guid":{"rendered":"https:\/\/www.ciaopera.com.br\/?page_id=721"},"modified":"2021-06-17T16:22:21","modified_gmt":"2021-06-17T19:22:21","slug":"19o-concurso-brasileiro-de-canto-maria-callas-2021-2","status":"publish","type":"page","link":"https:\/\/www.ciaopera.com.br\/?page_id=721","title":{"rendered":"19\u00ba Concurso Maria Callas &#8211; Detalhamento dos 118 Candidatos Inscritos"},"content":{"rendered":"\n<figure class=\"wp-block-table is-style-stripes\"><table><tbody><tr><td><strong>Estados Brasileiros<\/strong><\/td><td class=\"has-text-align-center\" data-align=\"center\"><strong>Participantes<\/strong><\/td><\/tr><tr><td>Acre<\/td><td class=\"has-text-align-center\" data-align=\"center\">1<\/td><\/tr><tr><td>Amazonas<\/td><td class=\"has-text-align-center\" data-align=\"center\">2<\/td><\/tr><tr><td>Bahia<\/td><td class=\"has-text-align-center\" data-align=\"center\">4<\/td><\/tr><tr><td>Distrito Federal<\/td><td class=\"has-text-align-center\" data-align=\"center\">3<\/td><\/tr><tr><td>Esp\u00edrito Santo<\/td><td class=\"has-text-align-center\" data-align=\"center\">2<\/td><\/tr><tr><td>Mato Grosso do Sul<\/td><td class=\"has-text-align-center\" data-align=\"center\">3<\/td><\/tr><tr><td>Minas Gerais<\/td><td class=\"has-text-align-center\" data-align=\"center\">11<\/td><\/tr><tr><td>Par\u00e1<\/td><td class=\"has-text-align-center\" data-align=\"center\">1<\/td><\/tr><tr><td>Para\u00edba<\/td><td class=\"has-text-align-center\" data-align=\"center\">1<\/td><\/tr><tr><td>Paran\u00e1<\/td><td class=\"has-text-align-center\" data-align=\"center\">7<\/td><\/tr><tr><td>Pernambuco<\/td><td class=\"has-text-align-center\" data-align=\"center\">1<\/td><\/tr><tr><td>Piau\u00ed<\/td><td class=\"has-text-align-center\" data-align=\"center\">1<\/td><\/tr><tr><td>Rio de Janeiro<\/td><td class=\"has-text-align-center\" data-align=\"center\">16<\/td><\/tr><tr><td>Rio Grande do Sul<\/td><td class=\"has-text-align-center\" data-align=\"center\">9<\/td><\/tr><tr><td>Rond\u00f4nia&nbsp;<\/td><td class=\"has-text-align-center\" data-align=\"center\">1<\/td><\/tr><tr><td>Santa Catarina<\/td><td class=\"has-text-align-center\" data-align=\"center\">3<\/td><\/tr><tr><td>S\u00e3o Paulo<\/td><td class=\"has-text-align-center\" data-align=\"center\">24<\/td><\/tr><tr><td><strong>17 Estados Brasileiros<\/strong><\/td><td class=\"has-text-align-center\" data-align=\"center\"><strong>90 Participantes Brasileiros<\/strong><\/td><\/tr><\/tbody><\/table><\/figure>\n\n\n\n<figure class=\"wp-block-table is-style-stripes\"><table><tbody><tr><td><strong>Pa\u00edses Latino-americanos<\/strong><\/td><td class=\"has-text-align-center\" data-align=\"center\"><strong>Participantes<\/strong><\/td><\/tr><tr><td>Argentina<\/td><td class=\"has-text-align-center\" data-align=\"center\">4<\/td><\/tr><tr><td>Chile<\/td><td class=\"has-text-align-center\" data-align=\"center\">3<\/td><\/tr><tr><td>Colombia<\/td><td class=\"has-text-align-center\" data-align=\"center\">6<\/td><\/tr><tr><td>M\u00e9xico<\/td><td class=\"has-text-align-center\" data-align=\"center\">13<\/td><\/tr><tr><td>Porto Rico<\/td><td class=\"has-text-align-center\" data-align=\"center\">1<\/td><\/tr><tr><td>Uruguai<\/td><td class=\"has-text-align-center\" data-align=\"center\">1<\/td><\/tr><tr><td><strong>6 Pa\u00edses<\/strong><\/td><td class=\"has-text-align-center\" data-align=\"center\"><strong>28 Latino-americanos<\/strong><\/td><\/tr><\/tbody><\/table><\/figure>\n\n\n\n<figure class=\"wp-block-table is-style-stripes\"><table><tbody><tr><td><strong>Vozes<\/strong><\/td><td class=\"has-text-align-center\" data-align=\"center\"><strong>Quantidade<\/strong><\/td><\/tr><tr><td>Baixos<\/td><td class=\"has-text-align-center\" data-align=\"center\">2<\/td><\/tr><tr><td>Baixo-bar\u00edtonos<\/td><td class=\"has-text-align-center\" data-align=\"center\">3<\/td><\/tr><tr><td>Bar\u00edtonos<\/td><td class=\"has-text-align-center\" data-align=\"center\">13<\/td><\/tr><tr><td>Contraltos<\/td><td class=\"has-text-align-center\" data-align=\"center\">2<\/td><\/tr><tr><td>Contratenores<\/td><td class=\"has-text-align-center\" data-align=\"center\">6<\/td><\/tr><tr><td>Mezzo-sopranos<\/td><td class=\"has-text-align-center\" data-align=\"center\">12<\/td><\/tr><tr><td>Sopranos<\/td><td class=\"has-text-align-center\" data-align=\"center\">51<\/td><\/tr><tr><td>Tenores<\/td><td class=\"has-text-align-center\" data-align=\"center\">29<\/td><\/tr><\/tbody><\/table><\/figure>\n","protected":false},"excerpt":{"rendered":"<p>Estados Brasileiros Participantes Acre 1 Amazonas 2 Bahia 4 Distrito Federal 3 Esp\u00edrito Santo 2 Mato Grosso do Sul 3 Minas Gerais 11 Par\u00e1 1 Para\u00edba 1 Paran\u00e1 7 Pernambuco 1 Piau\u00ed 1 Rio de Janeiro 16 Rio Grande do Sul 9 Rond\u00f4nia&nbsp; 1 Santa Catarina 3 S\u00e3o Paulo 24 17 Estados Brasileiros 90 Participantes&hellip; <\/p>\n","protected":false},"author":1,"featured_media":0,"parent":0,"menu_order":0,"comment_status":"closed","ping_status":"closed","template":"","meta":{"footnotes":""},"_links":{"self":[{"href":"https:\/\/www.ciaopera.com.br\/index.php?rest_route=\/wp\/v2\/pages\/721"}],"collection":[{"href":"https:\/\/www.ciaopera.com.br\/index.php?rest_route=\/wp\/v2\/pages"}],"about":[{"href":"https:\/\/www.ciaopera.com.br\/index.php?rest_route=\/wp\/v2\/types\/page"}],"author":[{"embeddable":true,"href":"https:\/\/www.ciaopera.com.br\/index.php?rest_route=\/wp\/v2\/users\/1"}],"replies":[{"embeddable":true,"href":"https:\/\/www.ciaopera.com.br\/index.php?rest_route=%2Fwp%2Fv2%2Fcomments&post=721"}],"version-history":[{"count":4,"href":"https:\/\/www.ciaopera.com.br\/index.php?rest_route=\/wp\/v2\/pages\/721\/revisions"}],"predecessor-version":[{"id":748,"href":"https:\/\/www.ciaopera.com.br\/index.php?rest_route=\/wp\/v2\/pages\/721\/revisions\/748"}],"wp:attachment":[{"href":"https:\/\/www.ciaopera.com.br\/index.php?rest_route=%2Fwp%2Fv2%2Fmedia&parent=721"}],"curies":[{"name":"wp","href":"https:\/\/api.w.org\/{rel}","templated":true}]}}