{"id":768,"date":"2021-12-23T18:01:39","date_gmt":"2021-12-23T20:01:39","guid":{"rendered":"https:\/\/www.ciaopera.com.br\/?page_id=768"},"modified":"2022-10-10T16:08:57","modified_gmt":"2022-10-10T19:08:57","slug":"20o-concurso-brasileiro-de-canto-maria-callas-festival-callas-2022","status":"publish","type":"page","link":"https:\/\/www.ciaopera.com.br\/?page_id=768","title":{"rendered":"20\u00ba Concurso Brasileiro de Canto Maria Callas &#8211; Festival Callas 2022"},"content":{"rendered":"\n<figure class=\"wp-block-image size-large\"><img loading=\"lazy\" decoding=\"async\" width=\"884\" height=\"1024\" src=\"https:\/\/www.ciaopera.com.br\/wp-content\/uploads\/2022\/02\/Foto_Central_Croped-884x1024.jpg\" alt=\"\" class=\"wp-image-788\" srcset=\"https:\/\/www.ciaopera.com.br\/wp-content\/uploads\/2022\/02\/Foto_Central_Croped-884x1024.jpg 884w, https:\/\/www.ciaopera.com.br\/wp-content\/uploads\/2022\/02\/Foto_Central_Croped-259x300.jpg 259w, https:\/\/www.ciaopera.com.br\/wp-content\/uploads\/2022\/02\/Foto_Central_Croped-768x890.jpg 768w, https:\/\/www.ciaopera.com.br\/wp-content\/uploads\/2022\/02\/Foto_Central_Croped-1326x1536.jpg 1326w, https:\/\/www.ciaopera.com.br\/wp-content\/uploads\/2022\/02\/Foto_Central_Croped-1768x2048.jpg 1768w\" sizes=\"(max-width: 884px) 100vw, 884px\" \/><\/figure>\n\n\n\n<p>\u00c9 com grande satisfa\u00e7\u00e3o que apresentamos o 20\u00ba Concurso Brasileiro de Canto Maria Callas, sob a dire\u00e7\u00e3o art\u00edstica de Paulo Abr\u00e3o Esper.<\/p>\n\n\n\n<p>Esta edi\u00e7\u00e3o se realizar\u00e1 de 27 de mar\u00e7o a 3 de abril de 2022 nas cidades de S\u00e3o Paulo e Jacare\u00ed. Poder\u00e3o participar todos os cantores brasileiros e latino-americanos entre 18 e 40 anos de idade, residentes ou n\u00e3o em seus pa\u00edses. Cantores de outras nacionalidades poder\u00e3o se inscrever, desde que residentes em territ\u00f3rio brasileiro h\u00e1 mais de seis meses.<\/p>\n\n\n\n<p>A fase eliminat\u00f3ria ser\u00e1 remota. Ou seja, por meio de v\u00eddeo que ser\u00e1 avaliado por uma comiss\u00e3o interna da Cia \u00d3pera S\u00e3o Paulo e da Amigos da Cia \u00d3pera S\u00e3o Paulo.<\/p>\n\n\n\n<div class=\"wp-block-buttons is-layout-flex wp-block-buttons-is-layout-flex\">\n<div class=\"wp-block-button has-custom-font-size is-style-fill has-medium-font-size\"><a class=\"wp-block-button__link has-text-color has-background wp-element-button\" href=\"https:\/\/www.ciaopera.com.br\/?page_id=798\" style=\"color:#7d0808;background:linear-gradient(21deg,rgb(238,238,238) 0%,rgb(169,184,195) 100%)\">Vencedores<\/a><\/div>\n\n\n\n<div class=\"wp-block-button has-custom-font-size has-small-font-size\"><a class=\"wp-block-button__link has-very-light-gray-to-cyan-bluish-gray-gradient-background has-text-color has-background wp-element-button\" href=\"https:\/\/www.ciaopera.com.br\/?page_id=793\" style=\"color:#7d0808\">Finalistas<\/a><\/div>\n\n\n\n<div class=\"wp-block-button has-custom-font-size has-small-font-size\"><a class=\"wp-block-button__link has-very-light-gray-to-cyan-bluish-gray-gradient-background has-text-color has-background wp-element-button\" href=\"https:\/\/www.ciaopera.com.br\/?page_id=784\" style=\"color:#7d0808\">Semifinalistas<\/a><\/div>\n\n\n\n<div class=\"wp-block-button has-custom-font-size has-small-font-size\"><a class=\"wp-block-button__link has-very-light-gray-to-cyan-bluish-gray-gradient-background has-text-color has-background wp-element-button\" href=\"https:\/\/www.ciaopera.com.br\/wp-content\/uploads\/2021\/12\/Reg_Conc-Callas-2022_PT.pdf\" style=\"color:#7d0808\" target=\"_blank\" rel=\"noreferrer noopener\">Regulamento Portugu\u00eas<\/a><\/div>\n\n\n\n<div class=\"wp-block-button has-custom-width wp-block-button__width-25 has-custom-font-size has-small-font-size\"><a class=\"wp-block-button__link has-very-light-gray-to-cyan-bluish-gray-gradient-background has-text-color has-background wp-element-button\" href=\"https:\/\/www.ciaopera.com.br\/wp-content\/uploads\/2021\/12\/Reglamento-Callas-2022_ES.pdf\" style=\"color:#7d0808\" target=\"_blank\" rel=\"noreferrer noopener\">Reglamento Espa\u00f1ol<\/a><\/div>\n<\/div>\n\n\n\n<div class=\"wp-block-buttons is-layout-flex wp-block-buttons-is-layout-flex\"><\/div>\n","protected":false},"excerpt":{"rendered":"<p>\u00c9 com grande satisfa\u00e7\u00e3o que apresentamos o 20\u00ba Concurso Brasileiro de Canto Maria Callas, sob a dire\u00e7\u00e3o art\u00edstica de Paulo Abr\u00e3o Esper. Esta edi\u00e7\u00e3o se realizar\u00e1 de 27 de mar\u00e7o a 3 de abril de 2022 nas cidades de S\u00e3o Paulo e Jacare\u00ed. Poder\u00e3o participar todos os cantores brasileiros e latino-americanos entre 18 e 40&hellip; <\/p>\n","protected":false},"author":1,"featured_media":0,"parent":0,"menu_order":0,"comment_status":"closed","ping_status":"closed","template":"","meta":{"footnotes":""},"_links":{"self":[{"href":"https:\/\/www.ciaopera.com.br\/index.php?rest_route=\/wp\/v2\/pages\/768"}],"collection":[{"href":"https:\/\/www.ciaopera.com.br\/index.php?rest_route=\/wp\/v2\/pages"}],"about":[{"href":"https:\/\/www.ciaopera.com.br\/index.php?rest_route=\/wp\/v2\/types\/page"}],"author":[{"embeddable":true,"href":"https:\/\/www.ciaopera.com.br\/index.php?rest_route=\/wp\/v2\/users\/1"}],"replies":[{"embeddable":true,"href":"https:\/\/www.ciaopera.com.br\/index.php?rest_route=%2Fwp%2Fv2%2Fcomments&post=768"}],"version-history":[{"count":14,"href":"https:\/\/www.ciaopera.com.br\/index.php?rest_route=\/wp\/v2\/pages\/768\/revisions"}],"predecessor-version":[{"id":830,"href":"https:\/\/www.ciaopera.com.br\/index.php?rest_route=\/wp\/v2\/pages\/768\/revisions\/830"}],"wp:attachment":[{"href":"https:\/\/www.ciaopera.com.br\/index.php?rest_route=%2Fwp%2Fv2%2Fmedia&parent=768"}],"curies":[{"name":"wp","href":"https:\/\/api.w.org\/{rel}","templated":true}]}}