{"id":784,"date":"2022-02-28T00:50:46","date_gmt":"2022-02-28T03:50:46","guid":{"rendered":"https:\/\/www.ciaopera.com.br\/?page_id=784"},"modified":"2022-02-28T00:51:42","modified_gmt":"2022-02-28T03:51:42","slug":"semifinalistas-2022-20o-concurso-brasileiro-de-canto-maria-callas","status":"publish","type":"page","link":"https:\/\/www.ciaopera.com.br\/?page_id=784","title":{"rendered":"Semifinalistas 2022 &#8211; 20\u00ba Concurso Brasileiro de Canto Maria Callas"},"content":{"rendered":"\n<p>Foram 98 inscri\u00e7\u00f5es recebidas para esta edi\u00e7\u00e3o do Concurso Maria Callas, de cantores brasileiros, argentinos, chilenos, colombianos e mexicanos.<br><br>Agradecemos, em nome de nosso comit\u00ea art\u00edstico, a confian\u00e7a em n\u00f3s depositada e estejam certos de que trabalhamos arduamente para a escolha dos semifinalistas.<br><br>O j\u00fari para a fase eliminat\u00f3ria foi formado pelo presidente dos Amigos da Cia \u00d3pera S\u00e3o Paulo e membros da diretoria com not\u00f3rio conhecimento musical e art\u00edstico. De todas as inscri\u00e7\u00f5es recebidas, foram escolhidos 43 candidatos para a fase Semifinal, programada para mar\u00e7o\/2022 presencialmente na cidade de S\u00e3o Paulo.<br><br>Como diretor geral e art\u00edstico da Cia \u00d3pera S\u00e3o Paulo e da Amigos da \u00d3pera de Jacare\u00ed, ressalto uma vez mais a correaliza\u00e7\u00e3o e patroc\u00ednio da Secretaria de Cultura e Economia Criativa do Estado de S\u00e3o Paulo atrav\u00e9s da Amigos da Arte, e da Prefeitura Municipal de Jacare\u00ed por meio da Funda\u00e7\u00e3o Cultural \u201cJos\u00e9 Maria de Abreu\u201d.<br><br>Desejamos a todos que participaram desta primeira fase do Concurso Brasileiro de Canto Maria Callas todo o sucesso em suas carreiras.<\/p>\n\n\n\n<p>Semifinalistas do 20\u00ba Concurso Brasileiro de Canto Maria Callas:<\/p>\n\n\n\n<figure class=\"wp-block-table is-style-stripes\"><table><tbody><tr><td><strong>Inscri\u00e7\u00e3o<\/strong><\/td><td><strong>Nome Art\u00edstico<\/strong><\/td><td>Naturalidade<\/td><td><strong>Class. Vocal<\/strong><\/td><\/tr><tr><td><strong>0001<\/strong><\/td><td>Carlos Ar\u00e1mbula<\/td><td>M\u00e9xico<\/td><td>Bar\u00edtono<\/td><\/tr><tr><td><strong>0003<\/strong><\/td><td>M\u00e1rio \u00cdcaro<\/td><td>Par\u00e1<\/td><td>Tenor<\/td><\/tr><tr><td><strong>0004<\/strong><\/td><td>Tania Gomez<\/td><td>Rio de Janeiro<\/td><td>Soprano<\/td><\/tr><tr><td><strong>0005<\/strong><\/td><td>Itzeli J\u00e1uregui<\/td><td>M\u00e9xico<\/td><td>Mezzo-soprano<\/td><\/tr><tr><td><strong>0006<\/strong><\/td><td>Lucero Jazm\u00edn<\/td><td>M\u00e9xico<\/td><td>Soprano<\/td><\/tr><tr><td><strong>0007<\/strong><\/td><td>Christian Correa<\/td><td>Col\u00f4mbia<\/td><td>Tenor<\/td><\/tr><tr><td><strong>0008<\/strong><\/td><td>S\u00e0vio Fasch\u00e9t<\/td><td>Minas Gerais<\/td><td>Contratenor<\/td><\/tr><tr><td><strong>0012<\/strong><\/td><td>Suzy Amaral<\/td><td>S\u00e3o Paulo<\/td><td>Soprano<\/td><\/tr><tr><td><strong>0014<\/strong><\/td><td>Vitorio Scarpi<\/td><td>Paran\u00e1<\/td><td>Tenor<\/td><\/tr><tr><td><strong>0015<\/strong><\/td><td>Sarah Reis<\/td><td>Minas Gerais<\/td><td>Soprano<\/td><\/tr><tr><td><strong>0016<\/strong><\/td><td>Higla Noel<\/td><td>Piau\u00ed<\/td><td>Soprano<\/td><\/tr><tr><td><strong>0017<\/strong><\/td><td>Gisele Abrantes<\/td><td>Rio de Janeiro<\/td><td>Soprano<\/td><\/tr><tr><td><strong>0021<\/strong><\/td><td>Jo\u00e3o Luiz Junior<\/td><td>Paran\u00e1<\/td><td>Contratenor<\/td><\/tr><tr><td><strong>0023<\/strong><\/td><td>Havil\u00e1 Desidere Lima Porto<\/td><td>Paran\u00e1<\/td><td>Soprano<\/td><\/tr><tr><td><strong>0025<\/strong><\/td><td>Ligia Ishitani<\/td><td>Minas Gerais<\/td><td>Soprano<\/td><\/tr><tr><td><strong>0026<\/strong><\/td><td>Elisa Furtado<\/td><td>Rio Grande do Sul<\/td><td>Soprano<\/td><\/tr><tr><td><strong>0027<\/strong><\/td><td>Laura G\u00f3mez<\/td><td>Col\u00f4mbia<\/td><td>Soprano<\/td><\/tr><tr><td><strong>0028<\/strong><\/td><td>Tenantzin Cruz<\/td><td>M\u00e9xico<\/td><td>Soprano<\/td><\/tr><tr><td><strong>0029<\/strong><\/td><td>Mariana Gomes<\/td><td>Rio de Janeiro<\/td><td>Soprano<\/td><\/tr><tr><td><strong>0035<\/strong><\/td><td>Bruna Figueiredo<\/td><td>Rio de Janeiro<\/td><td>Soprano<\/td><\/tr><tr><td><strong>0037<\/strong><\/td><td>Carlos Eduardo Santos<\/td><td>Bahia<\/td><td>Tenor<\/td><\/tr><tr><td><strong>0038<\/strong><\/td><td>Daiane Scales<\/td><td>S\u00e3o Paulo<\/td><td>Soprano<\/td><\/tr><tr><td><strong>0041<\/strong><\/td><td>Carol Braga<\/td><td>Rio Grande do Sul<\/td><td>Mezzo-soprano<\/td><\/tr><tr><td><strong>0042<\/strong><\/td><td>Ricardo Gaio<\/td><td>Rio de Janeiro<\/td><td>Tenor<\/td><\/tr><tr><td><strong>0043<\/strong><\/td><td>Alejandra Borrego<\/td><td>M\u00e9xico<\/td><td>Soprano<\/td><\/tr><tr><td><strong>0046<\/strong><\/td><td>Beatriz Baptista<\/td><td>Rio de Janeiro<\/td><td>Soprano<\/td><\/tr><tr><td><strong>0048<\/strong><\/td><td>Let\u00edcia Moraes<\/td><td>Rio de Janeiro<\/td><td>Soprano<\/td><\/tr><tr><td><strong>0051<\/strong><\/td><td>Igor Daniel Ruschel<\/td><td>Rio Grande do Sul<\/td><td>Bar\u00edtono<\/td><\/tr><tr><td><strong>0053<\/strong><\/td><td>Julia Martins Solomon<\/td><td>Inglaterra<\/td><td>Mezzo-soprano<\/td><\/tr><tr><td><strong>0056<\/strong><\/td><td>Isaque Oliveira<\/td><td>S\u00e3o Paulo<\/td><td>Bar\u00edtono<\/td><\/tr><tr><td><strong>0059<\/strong><\/td><td>Marcela Panizza<\/td><td>S\u00e3o Paulo<\/td><td>Mezzo-soprano<\/td><\/tr><tr><td><strong>0061<\/strong><\/td><td>Cristiane Mesquita<\/td><td>Santa Catarina<\/td><td>Soprano<\/td><\/tr><tr><td><strong>0064<\/strong><\/td><td>Fernando Cisneros<\/td><td>M\u00e9xico<\/td><td>Bar\u00edtono<\/td><\/tr><tr><td><strong>0067<\/strong><\/td><td>Karen Stephanie<\/td><td>S\u00e3o Paulo<\/td><td>Soprano<\/td><\/tr><tr><td><strong>0068<\/strong><\/td><td>Ana Paula Machado<\/td><td>Paran\u00e1<\/td><td>Soprano<\/td><\/tr><tr><td><strong>0070<\/strong><\/td><td>Guilherme Moreira<\/td><td>Rio de Janeiro<\/td><td>Tenor<\/td><\/tr><tr><td><strong>0078<\/strong><\/td><td>Larissa Guimar\u00e3es<\/td><td>S\u00e3o Paulo<\/td><td>Mezzo-soprano<\/td><\/tr><tr><td><strong>0085<\/strong><\/td><td>Roger Vieira<\/td><td>Distrito Federal<\/td><td>Tenor<\/td><\/tr><tr><td><strong>0086<\/strong><\/td><td>Ana Beatriz Machado<\/td><td>Minas Gerais<\/td><td>Soprano<\/td><\/tr><tr><td><strong>0087<\/strong><\/td><td>Candela Gotelli<\/td><td>Argentina<\/td><td>Soprano<\/td><\/tr><tr><td><strong>0088<\/strong><\/td><td>Marcus Ouros<\/td><td>S\u00e3o Paulo<\/td><td>Bar\u00edtono<\/td><\/tr><tr><td><strong>0091<\/strong><\/td><td>Fernanda Allande<\/td><td>M\u00e9xico<\/td><td>Soprano<\/td><\/tr><tr><td><strong>0095<\/strong><\/td><td>Erika Henriques<\/td><td>Rio de Janeiro<\/td><td>Mezzo-soprano<\/td><\/tr><\/tbody><\/table><\/figure>\n\n\n\n<p>Entre os 98 candidatos inscritos, temos os seguintes resultados:<\/p>\n\n\n\n<figure class=\"wp-block-table is-style-stripes\"><table><tbody><tr><td class=\"has-text-align-center\" data-align=\"center\"><strong>Pa\u00eds<\/strong><\/td><td class=\"has-text-align-center\" data-align=\"center\"><strong>Total<\/strong><\/td><\/tr><tr><td class=\"has-text-align-center\" data-align=\"center\">Argentina<\/td><td class=\"has-text-align-center\" data-align=\"center\">6<\/td><\/tr><tr><td class=\"has-text-align-center\" data-align=\"center\">Chile<\/td><td class=\"has-text-align-center\" data-align=\"center\">2<\/td><\/tr><tr><td class=\"has-text-align-center\" data-align=\"center\">Col\u00f4mbia<\/td><td class=\"has-text-align-center\" data-align=\"center\">4<\/td><\/tr><tr><td class=\"has-text-align-center\" data-align=\"center\">M\u00e9xico<\/td><td class=\"has-text-align-center\" data-align=\"center\">11<\/td><\/tr><tr><td class=\"has-text-align-center\" data-align=\"center\">Brasil<\/td><td class=\"has-text-align-center\" data-align=\"center\">75<\/td><\/tr><tr><td class=\"has-text-align-center\" data-align=\"center\"><strong>TOTAL<\/strong><\/td><td class=\"has-text-align-center\" data-align=\"center\"><strong>98<\/strong><\/td><\/tr><\/tbody><\/table><figcaption>Total de Inscritos por Pa\u00eds<\/figcaption><\/figure>\n\n\n\n<p><\/p>\n\n\n\n<figure class=\"wp-block-table is-style-stripes\"><table><tbody><tr><td class=\"has-text-align-center\" data-align=\"center\"><strong>Estados Brasileiros<\/strong><\/td><td class=\"has-text-align-center\" data-align=\"center\"><strong>Total<\/strong><\/td><\/tr><tr><td class=\"has-text-align-center\" data-align=\"center\">Amazonas<\/td><td class=\"has-text-align-center\" data-align=\"center\">2<\/td><\/tr><tr><td class=\"has-text-align-center\" data-align=\"center\">Bahia<\/td><td class=\"has-text-align-center\" data-align=\"center\">1<\/td><\/tr><tr><td class=\"has-text-align-center\" data-align=\"center\">Distrito Federal<\/td><td class=\"has-text-align-center\" data-align=\"center\">3<\/td><\/tr><tr><td class=\"has-text-align-center\" data-align=\"center\">Minas Gerais<\/td><td class=\"has-text-align-center\" data-align=\"center\">10<\/td><\/tr><tr><td class=\"has-text-align-center\" data-align=\"center\">Par\u00e1<\/td><td class=\"has-text-align-center\" data-align=\"center\">1<\/td><\/tr><tr><td class=\"has-text-align-center\" data-align=\"center\">Paran\u00e1<\/td><td class=\"has-text-align-center\" data-align=\"center\">8<\/td><\/tr><tr><td class=\"has-text-align-center\" data-align=\"center\">Piau\u00ed<\/td><td class=\"has-text-align-center\" data-align=\"center\">1<\/td><\/tr><tr><td class=\"has-text-align-center\" data-align=\"center\">Rio de Janeiro<\/td><td class=\"has-text-align-center\" data-align=\"center\">19<\/td><\/tr><tr><td class=\"has-text-align-center\" data-align=\"center\">Rio Grande do Sul<\/td><td class=\"has-text-align-center\" data-align=\"center\">5<\/td><\/tr><tr><td class=\"has-text-align-center\" data-align=\"center\">Santa Catarina<\/td><td class=\"has-text-align-center\" data-align=\"center\">1<\/td><\/tr><tr><td class=\"has-text-align-center\" data-align=\"center\">S\u00e3o Paulo<\/td><td class=\"has-text-align-center\" data-align=\"center\">23<\/td><\/tr><tr><td class=\"has-text-align-center\" data-align=\"center\">Brasil\/Inglaterra<\/td><td class=\"has-text-align-center\" data-align=\"center\">1<\/td><\/tr><tr><td class=\"has-text-align-center\" data-align=\"center\"><strong>TOTAL<\/strong><\/td><td class=\"has-text-align-center\" data-align=\"center\"><strong>75<\/strong><\/td><\/tr><\/tbody><\/table><figcaption>Total de Estados Brasileiros Participantes<\/figcaption><\/figure>\n\n\n\n<p><\/p>\n\n\n\n<figure class=\"wp-block-table is-style-stripes\"><table><tbody><tr><td class=\"has-text-align-center\" data-align=\"center\"><strong>Vozes<\/strong><\/td><td class=\"has-text-align-center\" data-align=\"center\"><strong>Total<\/strong><\/td><\/tr><tr><td class=\"has-text-align-center\" data-align=\"center\">Baixos<\/td><td class=\"has-text-align-center\" data-align=\"center\">3<\/td><\/tr><tr><td class=\"has-text-align-center\" data-align=\"center\">Baixo-bar\u00edtonos<\/td><td class=\"has-text-align-center\" data-align=\"center\">2<\/td><\/tr><tr><td class=\"has-text-align-center\" data-align=\"center\">Bar\u00edtonos<\/td><td class=\"has-text-align-center\" data-align=\"center\">13<\/td><\/tr><tr><td class=\"has-text-align-center\" data-align=\"center\">Contratenores<\/td><td class=\"has-text-align-center\" data-align=\"center\">2<\/td><\/tr><tr><td class=\"has-text-align-center\" data-align=\"center\">Mezzo-sopranos<\/td><td class=\"has-text-align-center\" data-align=\"center\">13<\/td><\/tr><tr><td class=\"has-text-align-center\" data-align=\"center\">Sopranos<\/td><td class=\"has-text-align-center\" data-align=\"center\">48<\/td><\/tr><tr><td class=\"has-text-align-center\" data-align=\"center\">Tenores<\/td><td class=\"has-text-align-center\" data-align=\"center\">17<\/td><\/tr><tr><td class=\"has-text-align-center\" data-align=\"center\"><strong>TOTAL<\/strong><\/td><td class=\"has-text-align-center\" data-align=\"center\"><strong>98<\/strong><\/td><\/tr><\/tbody><\/table><figcaption>Total de Classifica\u00e7\u00e3o Vocal<\/figcaption><\/figure>\n","protected":false},"excerpt":{"rendered":"<p>Foram 98 inscri\u00e7\u00f5es recebidas para esta edi\u00e7\u00e3o do Concurso Maria Callas, de cantores brasileiros, argentinos, chilenos, colombianos e mexicanos. Agradecemos, em nome de nosso comit\u00ea art\u00edstico, a confian\u00e7a em n\u00f3s depositada e estejam certos de que trabalhamos arduamente para a escolha dos semifinalistas. O j\u00fari para a fase eliminat\u00f3ria foi formado pelo presidente dos Amigos&hellip; <\/p>\n","protected":false},"author":1,"featured_media":0,"parent":0,"menu_order":0,"comment_status":"closed","ping_status":"closed","template":"","meta":{"footnotes":""},"_links":{"self":[{"href":"https:\/\/www.ciaopera.com.br\/index.php?rest_route=\/wp\/v2\/pages\/784"}],"collection":[{"href":"https:\/\/www.ciaopera.com.br\/index.php?rest_route=\/wp\/v2\/pages"}],"about":[{"href":"https:\/\/www.ciaopera.com.br\/index.php?rest_route=\/wp\/v2\/types\/page"}],"author":[{"embeddable":true,"href":"https:\/\/www.ciaopera.com.br\/index.php?rest_route=\/wp\/v2\/users\/1"}],"replies":[{"embeddable":true,"href":"https:\/\/www.ciaopera.com.br\/index.php?rest_route=%2Fwp%2Fv2%2Fcomments&post=784"}],"version-history":[{"count":2,"href":"https:\/\/www.ciaopera.com.br\/index.php?rest_route=\/wp\/v2\/pages\/784\/revisions"}],"predecessor-version":[{"id":787,"href":"https:\/\/www.ciaopera.com.br\/index.php?rest_route=\/wp\/v2\/pages\/784\/revisions\/787"}],"wp:attachment":[{"href":"https:\/\/www.ciaopera.com.br\/index.php?rest_route=%2Fwp%2Fv2%2Fmedia&parent=784"}],"curies":[{"name":"wp","href":"https:\/\/api.w.org\/{rel}","templated":true}]}}