{"id":798,"date":"2022-05-30T13:07:13","date_gmt":"2022-05-30T16:07:13","guid":{"rendered":"https:\/\/www.ciaopera.com.br\/?page_id=798"},"modified":"2022-05-30T13:22:21","modified_gmt":"2022-05-30T16:22:21","slug":"vencedores-do-20o-concurso-brasileiro-de-canto-maria-callas","status":"publish","type":"page","link":"https:\/\/www.ciaopera.com.br\/?page_id=798","title":{"rendered":"Vencedores do 20\u00ba Concurso Brasileiro de Canto Maria Callas"},"content":{"rendered":"\n<p class=\"has-text-align-left\">Entre 2 de janeiro e 18 de fevereiro 98 cantores se inscreveram para a 20\u00aa edi\u00e7\u00e3o do Concurso Brasileiro de Canto Maria Callas 2022. Entre os inscritos, 75 s\u00e3o brasileiros e representam 9 estados diferentes mais o Distrito Federal. E, os latino-americanos somam 4 pa\u00edses com 23 cantores entre argentinos, colombianos e mexicanos. Uma vez mais o M\u00e9xico superou as nacionalidades com 7 participantes.<\/p>\n\n\n\n<p class=\"has-text-align-left\">43 cantores foram selecionados \u00e0 semifinal que foi realizada presencialmente em 28 e 29 de mar\u00e7o no Teatro S\u00e9rgio Cardoso, em S\u00e3o Paulo. A fase final foi realizada em Jacare\u00ed\/SP, na Sala M\u00e1rio Lago, onde se apresentaram 16 candidatos. Entre eles foram 7 latino-americanos e 9 brasileiros.<\/p>\n\n\n\n<p class=\"has-text-align-left\">Nos dias 1 e 3 de abril os premiados se apresentaram no Recital de Vencedores realizado em Jacare\u00ed e S\u00e3o Paulo respectivamente. Sendo um na Sala M\u00e1rio Lago e o outro no Teatro S\u00e9rgio Cardoso.<\/p>\n\n\n\n<p class=\"has-text-align-left\">A banca de jurados foi presidida por Luiz Fernando Malheiro (Diretor Art\u00edstico e Regente Titular da Orquestra Amazonas Filarm\u00f4nica e Diretor Art\u00edstico do Festival Amazonas de \u00d3pera \u2013 FAO) e acompanhado por Cecilia Diaz (Mezzo-soprano argentina), Carlos Rauscher (Membro do Conselho Consultivo e Comit\u00ea Art\u00edstico da Cultura Art\u00edstica), Sabino Lenoci (Criador e Editor Chefe da revista especializada L\u2019Opera International Magazine de Mil\u00e3o)) Fernando Sans Rivi\u00e8re (Editor chefe da revista \u00d3pera Acutal de Barcelona), Fabiana Crepaldi (Historiadora e Cr\u00edtica de \u00f3pera brasileira), Jos\u00e9 Velasco (Empres\u00e1rio Art\u00edstico e Assessor de Teatros de \u00f3pera), Jorge Coli (Professor Cr\u00edtico Musical e Libretista brasileiro) e Robson Tirotti (Presidente da Amigos Cia \u00d3pera S\u00e3o Paulo).<\/p>\n\n\n\n<p class=\"has-text-align-left\">A Final e o Recital de Vencedores realizado em Jacare\u00ed foram transmitidos ao vivo pelo Facebook da Cia \u00d3pera S\u00e3o Paulo e podem ser vistos na p\u00e1gina <a href=\"https:\/\/www.facebook.com\/COSPOficial\/\" target=\"_blank\" rel=\"noreferrer noopener\">@COSPOficial<\/a>.<\/p>\n\n\n\n<p class=\"has-text-align-left\">O Festival Callas \u2013 Concurso Maria Callas \u00e9 realizado pela Cia \u00d3pera S\u00e3o Paulo e Amigos da \u00d3pera de Jacare\u00ed, com o patroc\u00ednio da Secretaria de Cultura e Economia Criativa do Estado de S\u00e3o Paulo, atrav\u00e9s da Amigos da Arte e Prefeitura Municipal de Jacare\u00ed, por meio da Funda\u00e7\u00e3o Cultural de Jacarehy \u201cJos\u00e9 Maria de Abreu\u201d. Conta ainda com o apoio do Istituto Italiano di Cultura di San Paolo e Consulado Geral da It\u00e1lia em S\u00e3o Paulo.<\/p>\n\n\n\n<figure class=\"wp-block-table alignwide is-style-stripes\"><table><thead><tr><th class=\"has-text-align-center\" data-align=\"center\">Inscri\u00e7\u00e3o<\/th><th class=\"has-text-align-center\" data-align=\"center\">               Nome               <\/th><th class=\"has-text-align-center\" data-align=\"center\">Naturalidade<\/th><th class=\"has-text-align-center\" data-align=\"center\">    Classifica\u00e7\u00e3o Vocal    <\/th><th class=\"has-text-align-center\" data-align=\"center\">Pr\u00eamio<\/th><\/tr><\/thead><tbody><tr><td class=\"has-text-align-center\" data-align=\"center\"><strong>01<\/strong><\/td><td class=\"has-text-align-center\" data-align=\"center\">Carlos Ar\u00e1mbula<\/td><td class=\"has-text-align-center\" data-align=\"center\">M\u00e9xico<\/td><td class=\"has-text-align-center\" data-align=\"center\">Bar\u00edtono<\/td><td class=\"has-text-align-center\" data-align=\"center\">1\u00ba Pr\u00eamio Masculino<\/td><\/tr><tr><td class=\"has-text-align-center\" data-align=\"center\"><strong>05<\/strong><\/td><td class=\"has-text-align-center\" data-align=\"center\">Itzeli J\u00e1regui<\/td><td class=\"has-text-align-center\" data-align=\"center\">M\u00e9xico<\/td><td class=\"has-text-align-center\" data-align=\"center\">Mezzo-soprano<\/td><td class=\"has-text-align-center\" data-align=\"center\">2\u00ba Pr\u00eamio Feminino<br>Pr\u00eamio Festival Amazonas de \u00d3pera 2023<\/td><\/tr><tr><td class=\"has-text-align-center\" data-align=\"center\"><strong>37<\/strong><\/td><td class=\"has-text-align-center\" data-align=\"center\">Carlos Eduardo Santos<\/td><td class=\"has-text-align-center\" data-align=\"center\">Bahia<\/td><td class=\"has-text-align-center\" data-align=\"center\">Tenor<\/td><td class=\"has-text-align-center\" data-align=\"center\">Pr\u00eamio 11\u00ba Encontro de Tenores do Brasil de Manaus (Novembro\/2022)<\/td><\/tr><tr><td class=\"has-text-align-center\" data-align=\"center\"><strong>38<\/strong><\/td><td class=\"has-text-align-center\" data-align=\"center\">Daiane Scales<\/td><td class=\"has-text-align-center\" data-align=\"center\">S\u00e3o Paulo<\/td><td class=\"has-text-align-center\" data-align=\"center\">Soprano<\/td><td class=\"has-text-align-center\" data-align=\"center\">Pr\u00eamio Recital S\u00e9rie Toriba Musical 2022<\/td><\/tr><tr><td class=\"has-text-align-center\" data-align=\"center\"><strong>41<\/strong><\/td><td class=\"has-text-align-center\" data-align=\"center\">Carol Braga<\/td><td class=\"has-text-align-center\" data-align=\"center\">Rio Grande do Sul<\/td><td class=\"has-text-align-center\" data-align=\"center\">Mezzo-soprano<\/td><td class=\"has-text-align-center\" data-align=\"center\">Pr\u00eamio Recital S\u00e9rie Toriba Musical 2022<\/td><\/tr><tr><td class=\"has-text-align-center\" data-align=\"center\"><strong>53<\/strong><\/td><td class=\"has-text-align-center\" data-align=\"center\">Julia Martins Solomon<\/td><td class=\"has-text-align-center\" data-align=\"center\">Minas Gerais<\/td><td class=\"has-text-align-center\" data-align=\"center\">Mezzo-soprano<\/td><td class=\"has-text-align-center\" data-align=\"center\">3\u00ba Pr\u00eamio Feminino Compartido<\/td><\/tr><tr><td class=\"has-text-align-center\" data-align=\"center\"><strong>56<\/strong><\/td><td class=\"has-text-align-center\" data-align=\"center\">Isaque Oliveira<\/td><td class=\"has-text-align-center\" data-align=\"center\">S\u00e3o Paulo<\/td><td class=\"has-text-align-center\" data-align=\"center\">Bar\u00edtono<\/td><td class=\"has-text-align-center\" data-align=\"center\">3\u00ba Pr\u00eamio Masculino<br>Pr\u00eamio Recital S\u00e9rie Toriba Musical 2022<\/td><\/tr><tr><td class=\"has-text-align-center\" data-align=\"center\"><strong>70<\/strong><\/td><td class=\"has-text-align-center\" data-align=\"center\">Guilherme Moreira<\/td><td class=\"has-text-align-center\" data-align=\"center\">Rio de Janeiro<\/td><td class=\"has-text-align-center\" data-align=\"center\">Tenor<\/td><td class=\"has-text-align-center\" data-align=\"center\">2\u00ba Pr\u00eamio Masculino<\/td><\/tr><tr><td class=\"has-text-align-center\" data-align=\"center\"><strong>86<\/strong><\/td><td class=\"has-text-align-center\" data-align=\"center\">Ana Beatriz Machado<\/td><td class=\"has-text-align-center\" data-align=\"center\">Minas Gerais<\/td><td class=\"has-text-align-center\" data-align=\"center\">Soprano<\/td><td class=\"has-text-align-center\" data-align=\"center\">Pr\u00eamio Festival Amazonas de \u00d3pera 2023<br>Pr\u00eamio Recital S\u00e9rie Toriba Musical 2022<\/td><\/tr><tr><td class=\"has-text-align-center\" data-align=\"center\"><strong>87<\/strong><\/td><td class=\"has-text-align-center\" data-align=\"center\">Candela Gotelli<\/td><td class=\"has-text-align-center\" data-align=\"center\">Argentina<\/td><td class=\"has-text-align-center\" data-align=\"center\">Soprano<\/td><td class=\"has-text-align-center\" data-align=\"center\">3\u00ba Pr\u00eamio Feminino Compartido<\/td><\/tr><tr><td class=\"has-text-align-center\" data-align=\"center\"><strong>91<\/strong><\/td><td class=\"has-text-align-center\" data-align=\"center\">Fernanda Allande<\/td><td class=\"has-text-align-center\" data-align=\"center\">M\u00e9xico<\/td><td class=\"has-text-align-center\" data-align=\"center\">Soprano<\/td><td class=\"has-text-align-center\" data-align=\"center\">1\u00ba Pr\u00eamio Feminino<\/td><\/tr><\/tbody><\/table><\/figure>\n\n\n\n<p><strong>Pa\u00edses entre os Vencedores<\/strong><\/p>\n\n\n\n<figure class=\"wp-block-table is-style-stripes\"><table class=\"has-fixed-layout\"><thead><tr><th class=\"has-text-align-center\" data-align=\"center\">Pa\u00eds<\/th><th class=\"has-text-align-center\" data-align=\"center\">Total Participantes<\/th><\/tr><\/thead><tbody><tr><td class=\"has-text-align-center\" data-align=\"center\">Argentina<\/td><td class=\"has-text-align-center\" data-align=\"center\">1<\/td><\/tr><tr><td class=\"has-text-align-center\" data-align=\"center\">Brasil<\/td><td class=\"has-text-align-center\" data-align=\"center\">7<\/td><\/tr><tr><td class=\"has-text-align-center\" data-align=\"center\">M\u00e9xico<\/td><td class=\"has-text-align-center\" data-align=\"center\">3<\/td><\/tr><tr><td class=\"has-text-align-center\" data-align=\"center\"><strong>Total Geral<\/strong><\/td><td class=\"has-text-align-center\" data-align=\"center\"><strong>11<\/strong><\/td><\/tr><tr><td class=\"has-text-align-center\" data-align=\"center\"><strong>Total Latino Americanos<\/strong><\/td><td class=\"has-text-align-center\" data-align=\"center\"><strong>4<\/strong><\/td><\/tr><tr><td class=\"has-text-align-center\" data-align=\"center\"><strong>Total Brasileiros<\/strong><\/td><td class=\"has-text-align-center\" data-align=\"center\"><strong>7<\/strong><\/td><\/tr><\/tbody><\/table><\/figure>\n\n\n\n<p><strong>Estados Brasileiros entre os Vencedores<\/strong><\/p>\n\n\n\n<figure class=\"wp-block-table is-style-stripes\"><table><thead><tr><th class=\"has-text-align-center\" data-align=\"center\">Estado<\/th><th class=\"has-text-align-center\" data-align=\"center\">Total Participantes<\/th><\/tr><\/thead><tbody><tr><td class=\"has-text-align-center\" data-align=\"center\">Bahia<\/td><td class=\"has-text-align-center\" data-align=\"center\">1<\/td><\/tr><tr><td class=\"has-text-align-center\" data-align=\"center\">Minas Gerais<\/td><td class=\"has-text-align-center\" data-align=\"center\">1<\/td><\/tr><tr><td class=\"has-text-align-center\" data-align=\"center\">Rio de Janeiro<\/td><td class=\"has-text-align-center\" data-align=\"center\">1<\/td><\/tr><tr><td class=\"has-text-align-center\" data-align=\"center\">Rio Grande do Sul<\/td><td class=\"has-text-align-center\" data-align=\"center\">1<\/td><\/tr><tr><td class=\"has-text-align-center\" data-align=\"center\">S\u00e3o Paulo<\/td><td class=\"has-text-align-center\" data-align=\"center\">4<\/td><\/tr><tr><td class=\"has-text-align-center\" data-align=\"center\"><strong>Total<\/strong><\/td><td class=\"has-text-align-center\" data-align=\"center\"><strong>8<\/strong><\/td><\/tr><\/tbody><\/table><\/figure>\n\n\n\n<p><strong>Vozes entre os Vencedores<\/strong><\/p>\n\n\n\n<figure class=\"wp-block-table is-style-stripes\"><table><thead><tr><th class=\"has-text-align-center\" data-align=\"center\">Voz<\/th><th class=\"has-text-align-center\" data-align=\"center\">Total Participantes<\/th><\/tr><\/thead><tbody><tr><td class=\"has-text-align-center\" data-align=\"center\">Bar\u00edtonos<\/td><td class=\"has-text-align-center\" data-align=\"center\">2<\/td><\/tr><tr><td class=\"has-text-align-center\" data-align=\"center\">Mezzo-sopranos<\/td><td class=\"has-text-align-center\" data-align=\"center\">3<\/td><\/tr><tr><td class=\"has-text-align-center\" data-align=\"center\">Sopranos<\/td><td class=\"has-text-align-center\" data-align=\"center\">4<\/td><\/tr><tr><td class=\"has-text-align-center\" data-align=\"center\">Tenores<\/td><td class=\"has-text-align-center\" data-align=\"center\">2<\/td><\/tr><tr><td class=\"has-text-align-center\" data-align=\"center\"><strong>Total<\/strong><\/td><td class=\"has-text-align-center\" data-align=\"center\"><strong>11<\/strong><\/td><\/tr><\/tbody><\/table><\/figure>\n","protected":false},"excerpt":{"rendered":"<p>Entre 2 de janeiro e 18 de fevereiro 98 cantores se inscreveram para a 20\u00aa edi\u00e7\u00e3o do Concurso Brasileiro de Canto Maria Callas 2022. Entre os inscritos, 75 s\u00e3o brasileiros e representam 9 estados diferentes mais o Distrito Federal. E, os latino-americanos somam 4 pa\u00edses com 23 cantores entre argentinos, colombianos e mexicanos. Uma vez&hellip; <\/p>\n","protected":false},"author":1,"featured_media":0,"parent":0,"menu_order":0,"comment_status":"closed","ping_status":"closed","template":"","meta":{"footnotes":""},"_links":{"self":[{"href":"https:\/\/www.ciaopera.com.br\/index.php?rest_route=\/wp\/v2\/pages\/798"}],"collection":[{"href":"https:\/\/www.ciaopera.com.br\/index.php?rest_route=\/wp\/v2\/pages"}],"about":[{"href":"https:\/\/www.ciaopera.com.br\/index.php?rest_route=\/wp\/v2\/types\/page"}],"author":[{"embeddable":true,"href":"https:\/\/www.ciaopera.com.br\/index.php?rest_route=\/wp\/v2\/users\/1"}],"replies":[{"embeddable":true,"href":"https:\/\/www.ciaopera.com.br\/index.php?rest_route=%2Fwp%2Fv2%2Fcomments&post=798"}],"version-history":[{"count":6,"href":"https:\/\/www.ciaopera.com.br\/index.php?rest_route=\/wp\/v2\/pages\/798\/revisions"}],"predecessor-version":[{"id":808,"href":"https:\/\/www.ciaopera.com.br\/index.php?rest_route=\/wp\/v2\/pages\/798\/revisions\/808"}],"wp:attachment":[{"href":"https:\/\/www.ciaopera.com.br\/index.php?rest_route=%2Fwp%2Fv2%2Fmedia&parent=798"}],"curies":[{"name":"wp","href":"https:\/\/api.w.org\/{rel}","templated":true}]}}