{"id":936,"date":"2024-03-27T16:16:42","date_gmt":"2024-03-27T19:16:42","guid":{"rendered":"https:\/\/www.ciaopera.com.br\/?page_id=936"},"modified":"2024-03-27T16:16:42","modified_gmt":"2024-03-27T19:16:42","slug":"finalistas-22o-concurso-brasileiro-de-canto-maria-callas-2024","status":"publish","type":"page","link":"https:\/\/www.ciaopera.com.br\/?page_id=936","title":{"rendered":"Finalistas &#8211; 22\u00ba Concurso Brasileiro de Canto Maria Callas 2024"},"content":{"rendered":"\n<figure class=\"wp-block-table is-style-stripes\"><table class=\"has-black-color has-white-background-color has-text-color has-background has-link-color has-fixed-layout\"><tbody><tr><td class=\"has-text-align-center\" data-align=\"center\"><strong>Inscri\u00e7\u00e3o<\/strong><\/td><td class=\"has-text-align-center\" data-align=\"center\"><strong>Nome<\/strong><\/td><td class=\"has-text-align-center\" data-align=\"center\"><strong>Naturalidade<\/strong><\/td><td><strong>Classifica\u00e7\u00e3o Vocal<\/strong><\/td><\/tr><tr><td class=\"has-text-align-center\" data-align=\"center\">05<\/td><td class=\"has-text-align-center\" data-align=\"center\">Luiza Girnos<\/td><td class=\"has-text-align-center\" data-align=\"center\">Maranh\u00e3o<\/td><td>Mezzo-soprano<\/td><\/tr><tr><td class=\"has-text-align-center\" data-align=\"center\">09<\/td><td class=\"has-text-align-center\" data-align=\"center\">Flavia Stricker<\/td><td class=\"has-text-align-center\" data-align=\"center\">Paran\u00e1<\/td><td>Soprano<\/td><\/tr><tr><td class=\"has-text-align-center\" data-align=\"center\">16<\/td><td class=\"has-text-align-center\" data-align=\"center\">Senia L\u00f3pez<\/td><td class=\"has-text-align-center\" data-align=\"center\">Cuba<\/td><td>Soprano<\/td><\/tr><tr><td class=\"has-text-align-center\" data-align=\"center\">22<\/td><td class=\"has-text-align-center\" data-align=\"center\">D\u00e9bora Neves<\/td><td class=\"has-text-align-center\" data-align=\"center\">S\u00e3o Paulo<\/td><td>Soprano<\/td><\/tr><tr><td class=\"has-text-align-center\" data-align=\"center\">38<\/td><td class=\"has-text-align-center\" data-align=\"center\">Carolina Rotela<\/td><td class=\"has-text-align-center\" data-align=\"center\">Uruguai<\/td><td>Mezzo-soprano<\/td><\/tr><tr><td class=\"has-text-align-center\" data-align=\"center\">39<\/td><td class=\"has-text-align-center\" data-align=\"center\">Paula Pavlovich<\/td><td class=\"has-text-align-center\" data-align=\"center\">M\u00e9xico<\/td><td>Soprano<\/td><\/tr><tr><td class=\"has-text-align-center\" data-align=\"center\">55<\/td><td class=\"has-text-align-center\" data-align=\"center\">Samuel Barbosa<\/td><td class=\"has-text-align-center\" data-align=\"center\">Esp\u00edrito Santo<\/td><td>Tenor<\/td><\/tr><tr><td class=\"has-text-align-center\" data-align=\"center\">62<\/td><td class=\"has-text-align-center\" data-align=\"center\">Elouise Miranda<\/td><td class=\"has-text-align-center\" data-align=\"center\">Mato Grosso do Sul<\/td><td>Soprano<\/td><\/tr><tr><td class=\"has-text-align-center\" data-align=\"center\">79<\/td><td class=\"has-text-align-center\" data-align=\"center\">Carol Braga<\/td><td class=\"has-text-align-center\" data-align=\"center\">Rio Grande do Sul<\/td><td>Mezzo-soprano<\/td><\/tr><tr><td class=\"has-text-align-center\" data-align=\"center\">80<\/td><td class=\"has-text-align-center\" data-align=\"center\">Isabella Luchi<\/td><td class=\"has-text-align-center\" data-align=\"center\">Esp\u00edrito Santo<\/td><td>Soprano<\/td><\/tr><tr><td class=\"has-text-align-center\" data-align=\"center\">87<\/td><td class=\"has-text-align-center\" data-align=\"center\">Andr\u00e9s Salazar Rodr\u00edguez<\/td><td class=\"has-text-align-center\" data-align=\"center\">Equador<\/td><td>Bar\u00edtono<\/td><\/tr><tr><td class=\"has-text-align-center\" data-align=\"center\">89<\/td><td class=\"has-text-align-center\" data-align=\"center\">Mauricio Etchebehere<\/td><td class=\"has-text-align-center\" data-align=\"center\">S\u00e3o Paulo<\/td><td>Tenor<\/td><\/tr><tr><td class=\"has-text-align-center\" data-align=\"center\">100<\/td><td class=\"has-text-align-center\" data-align=\"center\">Samuel Martins<\/td><td class=\"has-text-align-center\" data-align=\"center\">Goi\u00e1s<\/td><td>Tenor<\/td><\/tr><tr><td class=\"has-text-align-center\" data-align=\"center\">105<\/td><td class=\"has-text-align-center\" data-align=\"center\">Isa\u00ed Rodr\u00edguez<\/td><td class=\"has-text-align-center\" data-align=\"center\">Costa Rica<\/td><td>Baritono<\/td><\/tr><tr><td class=\"has-text-align-center\" data-align=\"center\">116<\/td><td class=\"has-text-align-center\" data-align=\"center\">Rafaela Duria<\/td><td class=\"has-text-align-center\" data-align=\"center\">S\u00e3o Paulo<\/td><td>Mezzo-soprano<\/td><\/tr><\/tbody><\/table><\/figure>\n","protected":false},"excerpt":{"rendered":"<p>Inscri\u00e7\u00e3o Nome Naturalidade Classifica\u00e7\u00e3o Vocal 05 Luiza Girnos Maranh\u00e3o Mezzo-soprano 09 Flavia Stricker Paran\u00e1 Soprano 16 Senia L\u00f3pez Cuba Soprano 22 D\u00e9bora Neves S\u00e3o Paulo Soprano 38 Carolina Rotela Uruguai Mezzo-soprano 39 Paula Pavlovich M\u00e9xico Soprano 55 Samuel Barbosa Esp\u00edrito Santo Tenor 62 Elouise Miranda Mato Grosso do Sul Soprano 79 Carol Braga Rio Grande&hellip; <\/p>\n","protected":false},"author":1,"featured_media":0,"parent":0,"menu_order":0,"comment_status":"closed","ping_status":"closed","template":"","meta":{"footnotes":""},"_links":{"self":[{"href":"https:\/\/www.ciaopera.com.br\/index.php?rest_route=\/wp\/v2\/pages\/936"}],"collection":[{"href":"https:\/\/www.ciaopera.com.br\/index.php?rest_route=\/wp\/v2\/pages"}],"about":[{"href":"https:\/\/www.ciaopera.com.br\/index.php?rest_route=\/wp\/v2\/types\/page"}],"author":[{"embeddable":true,"href":"https:\/\/www.ciaopera.com.br\/index.php?rest_route=\/wp\/v2\/users\/1"}],"replies":[{"embeddable":true,"href":"https:\/\/www.ciaopera.com.br\/index.php?rest_route=%2Fwp%2Fv2%2Fcomments&post=936"}],"version-history":[{"count":2,"href":"https:\/\/www.ciaopera.com.br\/index.php?rest_route=\/wp\/v2\/pages\/936\/revisions"}],"predecessor-version":[{"id":938,"href":"https:\/\/www.ciaopera.com.br\/index.php?rest_route=\/wp\/v2\/pages\/936\/revisions\/938"}],"wp:attachment":[{"href":"https:\/\/www.ciaopera.com.br\/index.php?rest_route=%2Fwp%2Fv2%2Fmedia&parent=936"}],"curies":[{"name":"wp","href":"https:\/\/api.w.org\/{rel}","templated":true}]}}