{"id":993,"date":"2025-03-29T21:41:18","date_gmt":"2025-03-30T00:41:18","guid":{"rendered":"https:\/\/www.ciaopera.com.br\/?page_id=993"},"modified":"2025-03-29T21:41:18","modified_gmt":"2025-03-30T00:41:18","slug":"vencedores-23o-concurso-brasileiro-de-canto-maria-callas-2025","status":"publish","type":"page","link":"https:\/\/www.ciaopera.com.br\/?page_id=993","title":{"rendered":"Vencedores &#8211; 23\u00ba Concurso Brasileiro de Canto Maria Callas 2025"},"content":{"rendered":"\n<figure class=\"wp-block-table is-style-stripes\" style=\"font-size:15px\"><table class=\"has-black-color has-text-color has-background has-link-color\" style=\"background-color:#d8d8d8\"><tbody><tr><td class=\"has-text-align-center\" data-align=\"center\"><strong>Inscri\u00e7\u00e3o<\/strong><\/td><td><strong>Nome<\/strong><\/td><td><strong>Naturalidade<\/strong><\/td><td><strong>Class. Vocal<\/strong><\/td><td><strong>Pr\u00eamio<\/strong><\/td><\/tr><tr><td class=\"has-text-align-center\" data-align=\"center\">51<\/td><td>Pollyana Santana<\/td><td>Minas Gerais<\/td><td>Soprano<\/td><td>1\u00aa Pr\u00eamio Feminino<br>Pr\u00eamio Toriba Musical<\/td><\/tr><tr><td class=\"has-text-align-center\" data-align=\"center\">20<\/td><td>Wilken Silveira<\/td><td>Par\u00e1<\/td><td>Tenor<\/td><td>1\u00ba Pr\u00eamio Masculino<\/td><\/tr><tr><td class=\"has-text-align-center\" data-align=\"center\">26<\/td><td>Gabriela Bueno<\/td><td>S\u00e3o Paulo<\/td><td>Mezzo-soprano<\/td><td>2\u00ba Pr\u00eamio Feminino<\/td><\/tr><tr><td class=\"has-text-align-center\" data-align=\"center\">40<\/td><td>Mauricio Etchebehere<\/td><td>S\u00e3o Paulo<\/td><td>Tenor<\/td><td>2\u00ba Pr\u00eamio Masculino<\/td><\/tr><tr><td class=\"has-text-align-center\" data-align=\"center\">112<\/td><td>Laura Duarte<\/td><td>Paran\u00e1<\/td><td>Soprano<\/td><td>3\u00ba Pr\u00eamio Feminino<\/td><\/tr><tr><td class=\"has-text-align-center\" data-align=\"center\">89<\/td><td>Eduardo Machado<\/td><td>Mato Grosso do Sul<\/td><td>Tenor<\/td><td>3\u00ba Pr\u00eamio Masculino<br>Pr\u00eamio Encontro de Tenores de Manaus<\/td><\/tr><tr><td class=\"has-text-align-center\" data-align=\"center\">102<\/td><td>Joyce Martins<\/td><td>S\u00e3o Paulo<\/td><td>Soprano<\/td><td>Pr\u00eamio Toriba Musical<br>Pr\u00eamio Men\u00e7\u00e3o Honrosa Rotary Club de Jacare\u00ed<\/td><\/tr><tr><td class=\"has-text-align-center\" data-align=\"center\">103<\/td><td>Thain\u00e1 Biasi<\/td><td>S\u00e3o Paulo<\/td><td>Soprano<\/td><td>Pr\u00eamio Toriba Musical<\/td><\/tr><tr><td class=\"has-text-align-center\" data-align=\"center\">106<\/td><td>Alessandra Carvalho<\/td><td>S\u00e3o Paulo<\/td><td>Soprano<\/td><td>Pr\u00eamio Toriba Musical<\/td><\/tr><tr><td class=\"has-text-align-center\" data-align=\"center\">27<\/td><td>Rafaela Duria<\/td><td>S\u00e3o Paulo<\/td><td>Mezzo-soprano<\/td><td>Pr\u00eamio Incentivo Gl\u00f3ria Nogueira (Pintora)<\/td><\/tr><tr><td class=\"has-text-align-center\" data-align=\"center\">90<\/td><td>Fl\u00e1vio Antonione<\/td><td>Minas Gerais<\/td><td>Baixo-bar\u00edtono<\/td><td>Pr\u00eamio L\u00edrica Disidente (Semifinalista)<\/td><\/tr><\/tbody><\/table><\/figure>\n","protected":false},"excerpt":{"rendered":"<p>Inscri\u00e7\u00e3o Nome Naturalidade Class. Vocal Pr\u00eamio 51 Pollyana Santana Minas Gerais Soprano 1\u00aa Pr\u00eamio FemininoPr\u00eamio Toriba Musical 20 Wilken Silveira Par\u00e1 Tenor 1\u00ba Pr\u00eamio Masculino 26 Gabriela Bueno S\u00e3o Paulo Mezzo-soprano 2\u00ba Pr\u00eamio Feminino 40 Mauricio Etchebehere S\u00e3o Paulo Tenor 2\u00ba Pr\u00eamio Masculino 112 Laura Duarte Paran\u00e1 Soprano 3\u00ba Pr\u00eamio Feminino 89 Eduardo Machado Mato&hellip; <\/p>\n","protected":false},"author":1,"featured_media":0,"parent":0,"menu_order":0,"comment_status":"closed","ping_status":"closed","template":"","meta":{"footnotes":""},"_links":{"self":[{"href":"https:\/\/www.ciaopera.com.br\/index.php?rest_route=\/wp\/v2\/pages\/993"}],"collection":[{"href":"https:\/\/www.ciaopera.com.br\/index.php?rest_route=\/wp\/v2\/pages"}],"about":[{"href":"https:\/\/www.ciaopera.com.br\/index.php?rest_route=\/wp\/v2\/types\/page"}],"author":[{"embeddable":true,"href":"https:\/\/www.ciaopera.com.br\/index.php?rest_route=\/wp\/v2\/users\/1"}],"replies":[{"embeddable":true,"href":"https:\/\/www.ciaopera.com.br\/index.php?rest_route=%2Fwp%2Fv2%2Fcomments&post=993"}],"version-history":[{"count":1,"href":"https:\/\/www.ciaopera.com.br\/index.php?rest_route=\/wp\/v2\/pages\/993\/revisions"}],"predecessor-version":[{"id":995,"href":"https:\/\/www.ciaopera.com.br\/index.php?rest_route=\/wp\/v2\/pages\/993\/revisions\/995"}],"wp:attachment":[{"href":"https:\/\/www.ciaopera.com.br\/index.php?rest_route=%2Fwp%2Fv2%2Fmedia&parent=993"}],"curies":[{"name":"wp","href":"https:\/\/api.w.org\/{rel}","templated":true}]}}